{"id":4175,"date":"2022-04-21T08:28:55","date_gmt":"2022-04-21T08:28:55","guid":{"rendered":"https:\/\/idiomesprogress.com\/politica-de-cookies\/"},"modified":"2023-01-19T08:32:45","modified_gmt":"2023-01-19T08:32:45","slug":"politica-de-cookies","status":"publish","type":"page","link":"https:\/\/idiomesprogress.com\/ca\/politica-de-cookies\/","title":{"rendered":"Pol\u00edtica de Cookies"},"content":{"rendered":"<p><section id=\"bt_bb_section69e45f9aafbe4\"  class=\"bt_bb_section bt_bb_layout_boxed_1200 bt_bb_vertical_align_top bt_bb_top_spacing_extra_large bt_bb_bottom_spacing_extra_large bt_bb_section_with_bottom_coverage_image\" style=\";background-color:#dcd1f3;\" data-bt-override-class=\"{&quot;bt_bb_top_spacing_&quot;:{&quot;current_class&quot;:&quot;bt_bb_top_spacing_extra_large&quot;,&quot;def&quot;:&quot;extra_large&quot;,&quot;xl&quot;:&quot;extra_large&quot;},&quot;bt_bb_bottom_spacing_&quot;:{&quot;current_class&quot;:&quot;bt_bb_bottom_spacing_extra_large&quot;,&quot;def&quot;:&quot;extra_large&quot;,&quot;xl&quot;:&quot;extra_large&quot;}}\"><div class=\"bt_bb_port\"><div class=\"bt_bb_cell\"><div class=\"bt_bb_cell_inner\"><div class=\"bt_bb_row  bt_bb_shape_inherit\"  data-bt-override-class=\"{}\"><div class=\"bt_bb_row_holder\" ><div  class=\"bt_bb_column col-xxl-12 col-xl-12 bt_bb_vertical_align_middle bt_bb_align_left bt_bb_padding_50 bt_bb_animation_fade_in animate bt_bb_shape_inherit\" style=\"; --column-width:12;\" data-width=\"12\" data-bt-override-class=\"{}\"><div class=\"bt_bb_column_content\"><div class=\"bt_bb_column_content_inner\"><header class=\"bt_bb_headline bt_bb_dash_top_bottom bt_bb_superheadline bt_bb_size_extralarge bt_bb_align_inherit bt_bb_dash_color_scheme_4\" data-bt-override-class=\"{&quot;bt_bb_size_&quot;:{&quot;current_class&quot;:&quot;bt_bb_size_extralarge&quot;,&quot;def&quot;:&quot;extralarge&quot;,&quot;xl&quot;:&quot;extralarge&quot;},&quot;bt_bb_align_&quot;:{&quot;current_class&quot;:&quot;bt_bb_align_inherit&quot;,&quot;def&quot;:&quot;inherit&quot;,&quot;xl&quot;:&quot;inherit&quot;}}\"><h1 class=\"bt_bb_headline_tag\"><span class=\"bt_bb_headline_superheadline\">AVISOS LEGALS<\/span><span class=\"bt_bb_headline_content\"><span>Pol\u00edtica de Cookies<\/span><\/span><\/h1><\/header><\/div><\/div><\/div><\/div><\/div><\/div><\/div><\/div><div class=\"bt_bb_section_bottom_section_coverage_image\"><img decoding=\"async\" src=\"https:\/\/idiomesprogress.com\/wp-content\/uploads\/2019\/04\/Wave_White_bottom_right_shape_01.png\" alt=\"bt_bb_section_bottom_section_coverage_image\" \/><\/div><\/section><section id=\"bt_bb_section69e45f9ab03fd\"  class=\"bt_bb_section bt_bb_layout_boxed_1200 bt_bb_vertical_align_top bt_bb_top_spacing_small bt_bb_bottom_spacing_medium\"  data-bt-override-class=\"{&quot;bt_bb_top_spacing_&quot;:{&quot;current_class&quot;:&quot;bt_bb_top_spacing_small&quot;,&quot;def&quot;:&quot;small&quot;,&quot;xl&quot;:&quot;small&quot;},&quot;bt_bb_bottom_spacing_&quot;:{&quot;current_class&quot;:&quot;bt_bb_bottom_spacing_medium&quot;,&quot;def&quot;:&quot;medium&quot;,&quot;xl&quot;:&quot;medium&quot;}}\"><div class=\"bt_bb_port\"><div class=\"bt_bb_cell\"><div class=\"bt_bb_cell_inner\"><div class=\"bt_bb_row \"  data-bt-override-class=\"{}\"><div class=\"bt_bb_row_holder\" ><div  class=\"bt_bb_column col-xxl-2 col-xl-2 col-xs-12 col-sm-12 col-md-12 col-lg-2 bt_bb_vertical_align_top bt_bb_align_center bt_bb_padding_normal bt_bb_animation_fade_in animate bt_bb_shape_inherit\" style=\"; --column-width:2;\" data-width=\"2\" data-bt-override-class=\"{&quot;bt_bb_align_&quot;:{&quot;current_class&quot;:&quot;bt_bb_align_center&quot;,&quot;def&quot;:&quot;center&quot;,&quot;xl&quot;:&quot;center&quot;},&quot;bt_bb_padding_&quot;:{&quot;current_class&quot;:&quot;bt_bb_padding_normal&quot;,&quot;def&quot;:&quot;normal&quot;,&quot;xl&quot;:&quot;normal&quot;}}\"><div class=\"bt_bb_column_content\"><div class=\"bt_bb_column_content_inner\"><div class=\"bt_bb_service bt_bb_color_scheme_3 bt_bb_style_borderless bt_bb_shape_circle bt_bb_size_xlarge bt_bb_shape_circle bt_bb_align_inherit\" style=\"; --service-primary-color:#b61984; --service-secondary-color:#191919;\" data-bt-override-class=\"{&quot;bt_bb_size_&quot;:{&quot;current_class&quot;:&quot;bt_bb_size_xlarge&quot;,&quot;def&quot;:&quot;xlarge&quot;,&quot;xl&quot;:&quot;xlarge&quot;},&quot;bt_bb_align_&quot;:{&quot;current_class&quot;:&quot;bt_bb_align_inherit&quot;,&quot;def&quot;:&quot;inherit&quot;,&quot;xl&quot;:&quot;inherit&quot;}}\"><span  data-ico-fontawesome=\"&#xf0e3;\" class=\"bt_bb_icon_holder\"><\/span><div class=\"bt_bb_service_content\"><\/div><\/div><\/div><\/div><\/div><div  class=\"bt_bb_column col-xxl-10 col-xl-10 col-xs-12 col-sm-12 col-md-12 col-lg-10 bt_bb_vertical_align_top bt_bb_align_left bt_bb_padding_normal bt_bb_shape_inherit\" style=\"; --column-width:10;\" data-width=\"10\" data-bt-override-class=\"{}\"><div class=\"bt_bb_column_content\"><div class=\"bt_bb_column_content_inner\"><div  class=\"bt_bb_text\" ><\/p>\n<h3 class=\"legal\">Qu\u00e8 \u00e9s una Cookie?<\/h3>\n<p>Cookie \u00e9s un fitxer que es descarrega al vostre ordinador en accedir a determinades p\u00e0gines web. Les galetes permeten a una p\u00e0gina web, entre altres coses, emmagatzemar i recuperar informaci\u00f3 sobre els h\u00e0bits de navegaci\u00f3 d&#8217;un usuari o del seu equip i, depenent de la informaci\u00f3 que continguin i de la manera com utilitzi el seu equip, es poden utilitzar per recon\u00e8ixer a l&#8217;usuari.. El navegador de l&#8217;usuari memoritza cookies al disc dur nom\u00e9s durant la sessi\u00f3 actual ocupant un espai de mem\u00f2ria m\u00ednim i no perjudicant l&#8217;ordinador. Les galetes no contenen cap tipus d&#8217;informaci\u00f3 personal espec\u00edfica, i la majoria s&#8217;esborren del disc dur en finalitzar la sessi\u00f3 de navegador (les anomenades galetes de sessi\u00f3).<\/p>\n<p>La majoria dels navegadors accepten com a est\u00e0ndard les galetes i, amb independ\u00e8ncia de les mateixes, permeten o impedeixen en els ajustaments de seguretat les galetes temporals o memoritzades.<\/p>\n<p>Sense el vostre expr\u00e9s consentiment <strong>\u2013mitjan\u00e7ant l&#8217;activaci\u00f3 de les cookies al vostre navegador\u2013<\/strong> IDIOMES PROGRESS no enlla\u00e7ar\u00e0 a les cookies les dades memoritzades amb les vostres dades personals proporcionades en el moment del registre o la compra.<\/p>\n<h3 class=\"legal\">Quins tipus de Cookies utilitza aquesta p\u00e0gina web?<\/h3>\n<h5>Cookies t\u00e8cniques<\/h5>\n<p>S\u00f3n aquelles que permeten a l&#8217;usuari la navegaci\u00f3 a trav\u00e9s d&#8217;una p\u00e0gina web, plataforma o aplicaci\u00f3 i la utilitzaci\u00f3 de les diferents opcions o serveis que hi hagi com, per exemple, controlar el tr\u00e0nsit i la comunicaci\u00f3 de dades, identificar la sessi\u00f3, accedir a parts d&#8217;acc\u00e9s restringit, recordar els elements que integren una comanda, fer el proc\u00e9s de compra d&#8217;una comanda, fer la sol\u00b7licitud d&#8217;inscripci\u00f3 o participaci\u00f3 en un esdeveniment, utilitzar elements de seguretat durant la navegaci\u00f3, emmagatzemar continguts per a la difusi\u00f3 de v\u00eddeos o so o compartir continguts a trav\u00e9s de xarxes socials.<\/p>\n<h5>Cookies de personalitzaci\u00f3<\/h5>\n<p>S\u00f3n aquelles que permeten a l&#8217;usuari accedir al servei amb algunes caracter\u00edstiques de car\u00e0cter general predefinides en funci\u00f3 d&#8217;una s\u00e8rie de criteris al terminal de l&#8217;usuari com ara serien l&#8217;idioma, el tipus de navegador a trav\u00e9s del qual accedeix al servei, la configuraci\u00f3 regional des d&#8217;on accedix al servei, etc.<\/p>\n<h5>Cookies d&#8217;an\u00e0lisi<\/h5>\n<p>S\u00f3n aquelles que ben tractades per nosaltres o per tercers, ens permeten quantificar el nombre d&#8217;usuaris i aix\u00ed realitzar el mesurament i l&#8217;an\u00e0lisi estad\u00edstica de la utilitzaci\u00f3 que fan els usuaris del servei ofert. Per aix\u00f2 s&#8217;analitza la vostra navegaci\u00f3 a la nostra p\u00e0gina web per tal de millorar l&#8217;oferta de productes o serveis que us oferim.<\/p>\n<h5>Cookies de publicit\u00e0ries<\/h5>\n<p>S\u00f3n aquelles que, ben tractades per nosaltres o per tercers, ens permeten gestionar de la manera m\u00e9s efica\u00e7 possible l&#8217;oferta dels espais publicitaris que hi ha a la p\u00e0gina web, adequant el contingut de l&#8217;anunci al contingut del servei sol\u00b7licitat oa l&#8217;\u00fas que realitzeu de la nostra p\u00e0gina web. Per aix\u00f2 podem analitzar els seus h\u00e0bits de navegaci\u00f3 a Internet i podem mostrar publicitat relacionada amb el seu perfil de navegaci\u00f3.<\/p>\n<h5>Cookies de publicit\u00e0ries comportamental<\/h5>\n<p>S\u00f3n aquelles que permeten la gesti\u00f3, de la manera m\u00e9s efica\u00e7 possible, dels espais publicitaris que, si escau, l&#8217;editor hagi incl\u00f2s en una p\u00e0gina web, aplicaci\u00f3 o plataforma des de la qual presta el servei sol\u00b7licitat. Aquestes galetes emmagatzemen informaci\u00f3 del comportament dels usuaris obtinguda a trav\u00e9s de l&#8217;observaci\u00f3 continuada dels seus h\u00e0bits de navegaci\u00f3, cosa que permet desenvolupar un perfil espec\u00edfic per mostrar publicitat en funci\u00f3 del mateix.<\/p>\n<h3 class=\"legal\">AQUESTA WEB UTILITZA COOKIES PR\u00d2PIES<\/h3>\n<table>\n<tbody>\n<tr>\n<td style=\"width: 20%;\"><strong>Tipus de Cookie<\/strong><\/td>\n<td style=\"width: 70%;\"><strong>Finalitat<\/strong><\/td>\n<td style=\"width: 10%;\"><strong>Durada<\/strong><\/td>\n<\/tr>\n<tr>\n<td style=\"padding: 10px;\"><strong>wordpress_<\/strong><\/td>\n<td style=\"padding: 10px;\">Recordatori de Sessi\u00f3<\/td>\n<td style=\"padding: 10px;\">Sessi\u00f3<\/td>\n<\/tr>\n<tr>\n<td style=\"padding: 10px;\"><strong>wordpress_logged_in_<\/strong><\/td>\n<td style=\"padding: 10px;\">Mantenir els usuaris a Sessi\u00f3<\/td>\n<td style=\"padding: 10px;\">Sessi\u00f3<\/td>\n<\/tr>\n<tr>\n<td style=\"padding: 10px;\"><strong>wordpress_test_cookie<\/strong><\/td>\n<td style=\"padding: 10px;\">Es fa servir perqu\u00e8 el CMS comprovi si estan activades<\/td>\n<td style=\"padding: 10px;\">Sessi\u00f3<\/td>\n<\/tr>\n<tr>\n<td style=\"padding: 10px;\"><strong>tk_ai<\/strong><\/td>\n<td style=\"padding: 10px;\">JetPack. S&#8217;usa com a ID an\u00f2nim<\/td>\n<td style=\"padding: 10px;\">Sessi\u00f3<\/td>\n<\/tr>\n<tr>\n<td style=\"padding: 10px;\"><strong>wp-settings-[UID]<\/strong><\/td>\n<td style=\"padding: 10px;\">S&#8217;utilitza per personalitzar la interf\u00edcie d&#8217;usuari<\/td>\n<td style=\"padding: 10px;\">Sessi\u00f3<\/td>\n<\/tr>\n<tr>\n<td style=\"padding: 10px;\"><strong>wp-settings-time-[UID]<\/strong><\/td>\n<td style=\"padding: 10px;\">Emmagatzema l&#8217;aspecte de la interf\u00edcie d&#8217;administraci\u00f3 i del lloc principal<\/td>\n<td style=\"padding: 10px;\">Sessi\u00f3<\/td>\n<\/tr>\n<\/tbody>\n<\/table>\n<h3 class=\"legal\">COOKIES DE TERCERS<\/h3>\n<table>\n<tbody>\n<tr>\n<td style=\"width: 10%;\"><strong>Tipus Cookie<\/strong><\/td>\n<td style=\"width: 10%;\"><strong>Empresa<\/strong><\/td>\n<td style=\"width: 68%;\"><strong>Finalitat<\/strong><\/td>\n<td style=\"width: 12%;\"><strong>Durada<\/strong><\/td>\n<\/tr>\n<tr>\n<td style=\"padding: 10px;\" valign=\"top\"><strong>_utma<br \/>\n_utmb<br \/>\n_utmc<br \/>\n_utmz<\/strong><\/td>\n<td style=\"padding: 10px;\" valign=\"top\"><strong>Google<\/strong><\/td>\n<td style=\"padding: 10px;\" valign=\"top\">Aquestes Cookies s\u00f3n generades per Google Analytics. Google emmagatzema la informaci\u00f3 recollida per les cookies en servidors ubicats als Estats Units, complint amb la legislaci\u00f3 Europea quant a protecci\u00f3 de dades personals i es compromet a no compartir-la amb tercers, excepte quan la llei l&#8217;obligui o sigui necessari per al funcionament del sistema. Google no associa la vostra adre\u00e7a IP amb cap altra informaci\u00f3 que tingueu. Si voleu obtenir m\u00e9s informaci\u00f3 sobre les cookies usades per Google Analytics.<\/td>\n<td style=\"padding: 10px;\" valign=\"top\">m\u00e0x. 2 anys<br \/>\nm\u00e0x. 1 any<\/td>\n<\/tr>\n<\/tbody>\n<\/table>\n<h3 class=\"legal\">GESTIONAR COOKIES<\/h3>\n<p><strong>Podeu permetre, bloquejar o eliminar les cookies instal\u00b7lades al vostre equip mitjan\u00e7ant la configuraci\u00f3 de les opcions del navegador instal\u00b7lat al vostre ordinador.<\/strong> Si no esteu segurs sobre quin tipus i versi\u00f3 de navegador utilitzeu per accedir a internet: Per a Windows: clic a &#8216;Ajuda&#8217; a la part superior de la finestra del vostre navegador i seleccioneu l&#8217;opci\u00f3 &#8216;Sobre&#8217;. Per a Mac: amb la venda del navegador oberta, cliqueu al menu d&#8217;Apple i seleccioneu l&#8217;opci\u00f3 &#8216;Sobre&#8230;&#8217;.<\/p>\n<h3 class=\"legal\">COM GESTIONAR LES COOKIES?<\/h3>\n<p><strong>L&#8217;Usuari accepta expressament, per la utilitzaci\u00f3 d&#8217;aquest Site, el tractament de la informaci\u00f3 recollida en la forma i amb les finalitats anteriorment esmentades.<\/strong> I tamb\u00e9 reconeix con\u00e8ixer la possibilitat de rebutjar el tractament d&#8217;aquestes dades o informaci\u00f3 rebutjant l&#8217;\u00fas de Cookies mitjan\u00e7ant la selecci\u00f3 de la configuraci\u00f3 apropiada amb aquesta finalitat al vostre navegador. Si b\u00e9 aquesta opci\u00f3 de bloqueig de Cookies al vostre navegador pot no permetre l&#8217;\u00fas ple de totes les funcionalitats del Website.<\/p>\n<p>A cada navegador la forma de fer-ho \u00e9s diferent, la funci\u00f3 de &#8220;Ajuda&#8221; us mostrar\u00e0 com fer-ho:<\/p>\n<ul style=\"margin-left: 30px;\" type=\"disc\">\n<li><strong>Chrome<\/strong> a <a title=\"Chrome\" href=\"https:\/\/support.google.com\/chrome\/answer\/95647?hl=es\" target=\"_blank\" rel=\"noopener\">https:\/\/support.google.com\/chrome\/answer\/95647?hl=ca<\/a><\/li>\n<li><strong>Explorer<\/strong> a <a title=\"Ms Edge\" href=\"https:\/\/support.microsoft.com\/es-es\/windows\/eliminar-y-administrar-cookies-168dab11-0753-043d-7c16-ede5947fc64d\" target=\"_blank\" rel=\"noopener\">https:\/\/support.microsoft.com\/es-es\/products\/windows?os=windows-10<\/a><\/li>\n<li><strong>FireFox<\/strong> a <a title=\"FireFox\" href=\"https:\/\/support.mozilla.org\/es\/kb\/habilitar-y-deshabilitar-cookies-sitios-web-rastrear-preferencias?redirectlocale=es\" target=\"_blank\" rel=\"noopener\">https:\/\/support.mozilla.org\/es\/kb\/habilitar-y-deshabilitar-cookies-sitios-web-rastrear-preferencias?redirectlocale=ca<\/a><\/li>\n<li><strong>Safari<\/strong> a <a title=\"Safari\" href=\"https:\/\/support.apple.com\/es-es\/guide\/safari\/sfri11471\/mac\" target=\"_blank\" rel=\"noopener\">https:\/\/support.apple.com\/es-es\/guide\/safari\/sfri11471\/mac<\/a><\/li>\n<\/ul>\n<p>Si teniu dubtes sobre aquesta pol\u00edtica de cookies, podeu contactar amb IDIOMES PROGRESS a <strong>hello[a]idiomesprogress(punt)com<\/strong><\/p>\n<p>2002 \u00a9 IDIOMES PROGRESS<br \/>\nTots els drets reservats<\/p>\n<p>\n<\/div><div class=\"bt_bb_separator bt_bb_border_style_none bt_bb_bottom_spacing_medium\" data-bt-override-class=\"null\"><\/div><\/div><\/div><\/div><\/div><\/div><\/div><\/div><\/div><\/section><\/p>\n","protected":false},"excerpt":{"rendered":"","protected":false},"author":1,"featured_media":0,"parent":0,"menu_order":0,"comment_status":"closed","ping_status":"closed","template":"","meta":{"footnotes":""},"class_list":["post-4175","page","type-page","status-publish","hentry"],"jetpack_sharing_enabled":true,"_links":{"self":[{"href":"https:\/\/idiomesprogress.com\/ca\/wp-json\/wp\/v2\/pages\/4175","targetHints":{"allow":["GET"]}}],"collection":[{"href":"https:\/\/idiomesprogress.com\/ca\/wp-json\/wp\/v2\/pages"}],"about":[{"href":"https:\/\/idiomesprogress.com\/ca\/wp-json\/wp\/v2\/types\/page"}],"author":[{"embeddable":true,"href":"https:\/\/idiomesprogress.com\/ca\/wp-json\/wp\/v2\/users\/1"}],"replies":[{"embeddable":true,"href":"https:\/\/idiomesprogress.com\/ca\/wp-json\/wp\/v2\/comments?post=4175"}],"version-history":[{"count":8,"href":"https:\/\/idiomesprogress.com\/ca\/wp-json\/wp\/v2\/pages\/4175\/revisions"}],"predecessor-version":[{"id":4236,"href":"https:\/\/idiomesprogress.com\/ca\/wp-json\/wp\/v2\/pages\/4175\/revisions\/4236"}],"wp:attachment":[{"href":"https:\/\/idiomesprogress.com\/ca\/wp-json\/wp\/v2\/media?parent=4175"}],"curies":[{"name":"wp","href":"https:\/\/api.w.org\/{rel}","templated":true}]}}