{"id":4177,"date":"2022-04-21T06:46:50","date_gmt":"2022-04-21T06:46:50","guid":{"rendered":"https:\/\/idiomesprogress.com\/avis-legal\/"},"modified":"2025-04-25T15:12:24","modified_gmt":"2025-04-25T15:12:24","slug":"avis-legal","status":"publish","type":"page","link":"https:\/\/idiomesprogress.com\/ca\/avis-legal\/","title":{"rendered":"Av\u00eds Legal"},"content":{"rendered":"<p><section id=\"bt_bb_section69e45ecf1878b\"  class=\"bt_bb_section bt_bb_layout_boxed_1200 bt_bb_vertical_align_top bt_bb_top_spacing_extra_large bt_bb_bottom_spacing_extra_large bt_bb_section_with_bottom_coverage_image\" style=\";background-color:#dcd1f3;\" data-bt-override-class=\"{&quot;bt_bb_top_spacing_&quot;:{&quot;current_class&quot;:&quot;bt_bb_top_spacing_extra_large&quot;,&quot;def&quot;:&quot;extra_large&quot;,&quot;xl&quot;:&quot;extra_large&quot;},&quot;bt_bb_bottom_spacing_&quot;:{&quot;current_class&quot;:&quot;bt_bb_bottom_spacing_extra_large&quot;,&quot;def&quot;:&quot;extra_large&quot;,&quot;xl&quot;:&quot;extra_large&quot;}}\"><div class=\"bt_bb_port\"><div class=\"bt_bb_cell\"><div class=\"bt_bb_cell_inner\"><div class=\"bt_bb_row  bt_bb_shape_inherit\"  data-bt-override-class=\"{}\"><div class=\"bt_bb_row_holder\" ><div  class=\"bt_bb_column col-xxl-12 col-xl-12 bt_bb_vertical_align_middle bt_bb_align_left bt_bb_padding_50 bt_bb_animation_fade_in animate bt_bb_shape_inherit\" style=\"; --column-width:12;\" data-width=\"12\" data-bt-override-class=\"{}\"><div class=\"bt_bb_column_content\"><div class=\"bt_bb_column_content_inner\"><header class=\"bt_bb_headline bt_bb_dash_top_bottom bt_bb_superheadline bt_bb_size_extralarge bt_bb_align_inherit bt_bb_dash_color_scheme_4\" data-bt-override-class=\"{&quot;bt_bb_size_&quot;:{&quot;current_class&quot;:&quot;bt_bb_size_extralarge&quot;,&quot;def&quot;:&quot;extralarge&quot;,&quot;xl&quot;:&quot;extralarge&quot;},&quot;bt_bb_align_&quot;:{&quot;current_class&quot;:&quot;bt_bb_align_inherit&quot;,&quot;def&quot;:&quot;inherit&quot;,&quot;xl&quot;:&quot;inherit&quot;}}\"><h1 class=\"bt_bb_headline_tag\"><span class=\"bt_bb_headline_superheadline\">AVISOS LEGALS<\/span><span class=\"bt_bb_headline_content\"><span>Av\u00eds Legal<\/span><\/span><\/h1><\/header><\/div><\/div><\/div><\/div><\/div><\/div><\/div><\/div><div class=\"bt_bb_section_bottom_section_coverage_image\"><img decoding=\"async\" src=\"https:\/\/idiomesprogress.com\/wp-content\/uploads\/2019\/04\/Wave_White_bottom_right_shape_01.png\" alt=\"bt_bb_section_bottom_section_coverage_image\" \/><\/div><\/section><section id=\"bt_bb_section69e45ecf18ea7\"  class=\"bt_bb_section bt_bb_layout_boxed_1200 bt_bb_vertical_align_top bt_bb_top_spacing_small bt_bb_bottom_spacing_medium\"  data-bt-override-class=\"{&quot;bt_bb_top_spacing_&quot;:{&quot;current_class&quot;:&quot;bt_bb_top_spacing_small&quot;,&quot;def&quot;:&quot;small&quot;,&quot;xl&quot;:&quot;small&quot;},&quot;bt_bb_bottom_spacing_&quot;:{&quot;current_class&quot;:&quot;bt_bb_bottom_spacing_medium&quot;,&quot;def&quot;:&quot;medium&quot;,&quot;xl&quot;:&quot;medium&quot;}}\"><div class=\"bt_bb_port\"><div class=\"bt_bb_cell\"><div class=\"bt_bb_cell_inner\"><div class=\"bt_bb_row \"  data-bt-override-class=\"{}\"><div class=\"bt_bb_row_holder\" ><div  class=\"bt_bb_column col-xxl-2 col-xl-2 col-xs-12 col-sm-12 col-md-12 col-lg-2 bt_bb_vertical_align_top bt_bb_align_center bt_bb_padding_normal bt_bb_animation_fade_in animate bt_bb_shape_inherit\" style=\"; --column-width:2;\" data-width=\"2\" data-bt-override-class=\"{&quot;bt_bb_align_&quot;:{&quot;current_class&quot;:&quot;bt_bb_align_center&quot;,&quot;def&quot;:&quot;center&quot;,&quot;xl&quot;:&quot;center&quot;},&quot;bt_bb_padding_&quot;:{&quot;current_class&quot;:&quot;bt_bb_padding_normal&quot;,&quot;def&quot;:&quot;normal&quot;,&quot;xl&quot;:&quot;normal&quot;}}\"><div class=\"bt_bb_column_content\"><div class=\"bt_bb_column_content_inner\"><div class=\"bt_bb_service bt_bb_color_scheme_3 bt_bb_style_borderless bt_bb_shape_circle bt_bb_size_xlarge bt_bb_shape_circle bt_bb_align_inherit\" style=\"; --service-primary-color:#b61984; --service-secondary-color:#191919;\" data-bt-override-class=\"{&quot;bt_bb_size_&quot;:{&quot;current_class&quot;:&quot;bt_bb_size_xlarge&quot;,&quot;def&quot;:&quot;xlarge&quot;,&quot;xl&quot;:&quot;xlarge&quot;},&quot;bt_bb_align_&quot;:{&quot;current_class&quot;:&quot;bt_bb_align_inherit&quot;,&quot;def&quot;:&quot;inherit&quot;,&quot;xl&quot;:&quot;inherit&quot;}}\"><span  data-ico-fontawesome=\"&#xf0e3;\" class=\"bt_bb_icon_holder\"><\/span><div class=\"bt_bb_service_content\"><\/div><\/div><\/div><\/div><\/div><div  class=\"bt_bb_column col-xxl-10 col-xl-10 col-xs-12 col-sm-12 col-md-12 col-lg-10 bt_bb_vertical_align_top bt_bb_align_left bt_bb_padding_normal bt_bb_shape_inherit\" style=\"; --column-width:10;\" data-width=\"10\" data-bt-override-class=\"{}\"><div class=\"bt_bb_column_content\"><div class=\"bt_bb_column_content_inner\"><div  class=\"bt_bb_text\" ><\/p>\n<p>En aquest Av\u00eds Legal s&#8217;estableixen els continguts referents a la utilitzaci\u00f3 de la web www.idiomesprogress.com propietat d&#8217;ESCHOOL OF ENGLISH, SL, la qual queda a disposici\u00f3 dels usuaris d&#8217;Internet.<\/p>\n<p>El lloc web www.idiomesprogress.com ha estat creat i \u00e9s titularitat de PROGRESS ESCHOOL OF ENGLISH, SL societat inscrita al Registre mercantil. El NIF. d&#8217;IDIOMES PROGRESS \u00e9s B09682188.<\/p>\n<p>El domicili social d&#8217;IDIOMES PROGRESS est\u00e0 situat a Po. del Terrapl\u00e8, 55. 08750 Molins de Rei. Barcelona. ESPANYA.<\/p>\n<p>Aquest web es regeix \u00fanicament i exclusivament per les disposicions d&#8217;aquest advertiment legal. Per tot aix\u00f2, l&#8217;usuari haur\u00e0 de llegir i acceptar sense reserves aquesta Advert\u00e8ncia Legal a l&#8217;hora d&#8217;entrar a la www.idiomesprogress.com per a la navegaci\u00f3 pels continguts existents.<\/p>\n<h3 class=\"legal\">OBJECTE<\/h3>\n<p>Aquesta web ha estat dissenyada per donar a con\u00e8ixer els productes i serveis oferts per IDIOMES PROGRESS als seus clients, donant l&#8217;oportunitat als usuaris d&#8217;Internet de con\u00e8ixer, de manera clara i detallada els serveis que l&#8217;empresa posa a disposici\u00f3 dels seus clients la realitzaci\u00f3 de les activitats. IDIOMES PROGRESS \u00e9s una empresa especialitzada en l&#8217;ensenyament de l&#8217;angl\u00e8s.<\/p>\n<p>Els continguts facilitats en aquesta web han estat realitzats amb informaci\u00f3 provinent de fonts internes d&#8217;IDIOMES PROGRESS, per la qual cosa respondr\u00e0 pels continguts elaborats i posats a la disposici\u00f3 dels usuaris d&#8217;Internet.<\/p>\n<p>L&#8217;usuari accedeix volunt\u00e0riament a aquest lloc web. L&#8217;acc\u00e9s i la navegaci\u00f3 en aquesta p\u00e0gina implica acceptar i con\u00e8ixer les advert\u00e8ncies legals, condicions i termes d&#8217;\u00fas que s&#8217;hi contenen. El mer acc\u00e9s no implica l&#8217;establiment de cap mena de relaci\u00f3 comercial entre IDIOMES PROGRESS i l&#8217;usuari.<\/p>\n<h3 class=\"legal\">UTILITZACI\u00d3 DE LA P\u00c0GINA WEB www.idiomesprogress.com<\/h3>\n<p>La utilitzaci\u00f3 d&#8217;aquesta p\u00e0gina web, ja sigui de la informaci\u00f3 continguda o dels serveis que es proposen, us atribueix la condici\u00f3 d&#8217;Usuari i suposa l&#8217;acceptaci\u00f3 plena i sense reserves de totes i cadascuna de les Condicions Generals vigents en el moment en qu\u00e8 vost\u00e8 com a usuari accedeixi a la p\u00e0gina web, de manera que si no esteu d&#8217;acord amb el seu contingut s&#8217;haur\u00e0 d&#8217;abstenir de fer \u00fas de la web.<\/p>\n<p>L&#8217;Usuari es compromet a utilitzar la p\u00e0gina web de conformitat amb la llei, amb aquestes Condicions Generals, amb la moral, bons costums generalment acceptats, i amb l&#8217;ordre p\u00fablic, responent davant d&#8217;IDIOMES PROGRESS, o davant de tercers de qualsevol danys i perjudicis que es puguin causar com a conseq\u00fc\u00e8ncia de l&#8217;incompliment de la dita obligaci\u00f3. IDIOMES PROGRESS es reserva el dret a modificar en qualsevol moment la presentaci\u00f3, configuraci\u00f3 i localitzaci\u00f3 del lloc web, aix\u00ed com els continguts i les condicions requerides per utilitzar-los.<\/p>\n<p>La informaci\u00f3 incorporada a la p\u00e0gina web ha estat elaborada a tota hora de bona fe amb el prop\u00f2sit de donar informaci\u00f3 sobre IDIOMES PROGRESS i els serveis que ofereix als usuaris. La companyia no assumeix cap tipus de responsabilitat respecte a la integritat, exactitud o exhaustivitat de la informaci\u00f3 esmentada, de la mateixa manera que no respondr\u00e0 en cap cas respecte a tercers pels eventuals errors que presenti la p\u00e0gina web.<\/p>\n<p>IDIOMES PROGRESS ofereix enlla\u00e7os, directament o indirectament, a recursos o llocs dInternet que es troben fora del present lloc web. La pres\u00e8ncia d&#8217;aquests enlla\u00e7os al lloc web tenen una finalitat informativa, i no constitueix en cap cas una invitaci\u00f3 a la contractaci\u00f3 de productes o serveis que s&#8217;ofereixin a la p\u00e0gina web de destinaci\u00f3.<\/p>\n<p>Amb car\u00e0cter general, els Usuaris podran accedir al Lloc web de forma lliure i gratu\u00efta. Tot i aix\u00f2, IDIOMES PROGRESS es reserva conforme a la legislaci\u00f3 vigent el dret de limitar l&#8217;acc\u00e9s a determinades \u00e0rees del lloc web (Aplicacions SMS i Extranet). En aquests casos, com a requisit previ per poder accedir al servei, l&#8217;Usuari s&#8217;haur\u00e0 de registrar facilitant tota la informaci\u00f3 sol\u00b7licitada, de manera actualitzada i real.<\/p>\n<p>L&#8217;Usuari triar\u00e0 el vostre propi identificador i contrasenya. Per a l&#8217;elecci\u00f3 de l&#8217;identificador, l&#8217;usuari no podr\u00e0 optar per expressions, paraules o conjunts de lletres que puguin resultar insultants, injuriosos o contraris a la llei, a la moral i als bons costums. De la mateixa manera, tampoc no podr\u00e0 utilitzar marques, r\u00e8tols d&#8217;establiments, expressions publicit\u00e0ries, noms i pseud\u00f2nims de personatges p\u00fablics o coneguts sense la seva autoritzaci\u00f3. IDIOMES PROGRESS assignar\u00e0 l&#8217;identificador seleccionat per l&#8217;usuari, sempre que no hagi estat pr\u00e8viament seleccionat per un altre usuari.<\/p>\n<p>L&#8217;\u00fas de la contrasenya \u00e9s personal i intransferible, i no est\u00e0 permesa la cessi\u00f3, ni tan sols temporal, a tercers. En aquest sentit, l&#8217;Usuari es compromet a fer-ne un \u00fas diligent ia mantenir-ne en secret, assumint tota responsabilitat per les conseq\u00fc\u00e8ncies de la seva divulgaci\u00f3 a tercers.<\/p>\n<p>En cas que l&#8217;Usuari conegui o sospiti de l&#8217;\u00fas de la contrasenya per tercers, haur\u00e0 de posar aquesta circumst\u00e0ncia en coneixement d&#8217;IDIOMES PROGRESS el m\u00e9s aviat possible.<\/p>\n<h3 class=\"legal\">PROPIETAT INTEL\u00b7LECTUAL I INDUSTRIAL<\/h3>\n<p>L&#8217;Usuari reconeix i accepta que tots els drets de propietat industrial i intel\u00b7lectual sobre els continguts i qualssevol altres elements inserits a la p\u00e0gina web pertanyen a IDIOMES PROGRESS a responsabilitat per les conseq\u00fc\u00e8ncies de la seva divulgaci\u00f3 a tercers.<\/p>\n<p>Aix\u00ed mateix, el contingut de la p\u00e0gina web que inclou, a t\u00edtol merament enunciatiu i no exclusiu, textos, fotografies, gr\u00e0fics, imatges, icones, programari, links i altres continguts audiovisuals, aix\u00ed com el seu disseny gr\u00e0fic i codis font s\u00f3n propietat intel\u00b7lectual tual de IDIOMES PROGRESS o de tercers que n&#8217;han cedit l&#8217;\u00fas a l&#8217;esmentada companyia. El contingut est\u00e0 protegit per les lleis nacionals i els tractats internacionals relatius als drets de propietat intel\u00b7lectual que siguin aplicables.<\/p>\n<p>Tots els drets de propietat industrial i intel\u00b7lectual sobre aquesta p\u00e0gina web estan legalment reservats i l&#8217;acc\u00e9s a aquesta o la seva utilitzaci\u00f3, per part de l&#8217;usuari, no s&#8217;ha de considerar, de cap manera, com l&#8217;atorgament de cap llic\u00e8ncia d&#8217;\u00fas o dret sobre qualsevol actiu la titularitat o propietat del qual correspongui a IDIOMES PROGRESS, oa tercers.<\/p>\n<p>La reproducci\u00f3 total o parcial per qualsevol mitj\u00e0 del contingut, marques, noms comercials i signes distintius de qualsevol classe, inclosos a la p\u00e0gina web, aix\u00ed com la venda, cessi\u00f3, arrendament, distribuci\u00f3, comunicaci\u00f3 p\u00fablica, transformaci\u00f3, o qualsevol altre \u00fas que es vulgui donar-les, sense pr\u00e8via autoritzaci\u00f3 expressa del corresponent titular, queda totalment prohibida i es perseguir\u00e0 civil i, si escau, penalment, dacord amb les lleis nacionals i tractats internacionals aplicables.<\/p>\n<h3 class=\"legal\">LIMITACI\u00d3 DE RESPONSABILITAT<\/h3>\n<p>L&#8217;activitat d&#8217;IDIOMES PROGRESS es limita a recollir i incloure a la p\u00e0gina web informaci\u00f3 relativa als seus serveis, aix\u00ed com rebre les sol\u00b7licituds de demanda pr\u00e8via d&#8217;informaci\u00f3 respecte d&#8217;aquests.<\/p>\n<p>Quan l&#8217;usuari hagi mostrat el seu inter\u00e8s per algun dels serveis oferts a la p\u00e0gina web, haur\u00e0 de completar la corresponent sol\u00b7licitud \u00e9s obligaci\u00f3 seva introduir dades exactes i ver\u00eddiques, no responent IDIOMES PROGRESS, en cap cas, com a conseq\u00fc\u00e8ncia d&#8217;un eventual perjudici que es pogu\u00e9s irrogar, de la inexactitud o falsedat de les mateixes.<\/p>\n<p>IDIOMES PROGRESS no es responsabilitza del mal \u00fas que vost\u00e8. Podeu fer d&#8217;aquest lloc web.<\/p>\n<p>IDIOMES PROGRESS no ser\u00e0 responsable en cas que hi hagi interrupcions del servei, demores, errors, mal funcionament del mateix i, en general, altres inconvenients que tinguin l&#8217;origen en causes que escapen del control d&#8217;IDIOMES PROGRESS, i\/o deguda a una actuaci\u00f3 dolosa o culposa de l&#8217;Usuari i\/o tingui per origen causes de for\u00e7a major. Sense perjudici del que estableix l&#8217;article 1105 del Codi civil, s&#8217;entenen inclosos en el concepte de for\u00e7a major, a m\u00e9s, i als efectes de les presents condicions generals, tots aquells esdeveniments esdevinguts fora del control d&#8217;IDIOMES PROGRESS, com ara: errada de tercers, operadors o companyies de serveis, actes de Govern, manca d&#8217;acc\u00e9s a xarxes de tercers, actes o omissions de les autoritats p\u00fabliques, aquells altres produ\u00efts com a conseq\u00fc\u00e8ncia de fen\u00f2mens naturals, apagades, etc i l&#8217;atac de hackers o tercers especialitzats a la seguretat o integritat del sistema inform\u00e0tic, sempre que IDIOMES PROGRESS hagi adoptat totes les mesures de seguretat existents segons l&#8217;estat de la t\u00e8cnica. En qualsevol cas, sigui quina sigui la causa, IDIOMES PROGRESS no assumir\u00e0 cap responsabilitat ja sigui per danys directes o indirectes, dany emergent i\/o per lucre cessant. IDIOMES PROGRESS t\u00e9 dret, sense que hi hagi cap indemnitzaci\u00f3 a l&#8217;Usuari per aquests conceptes, a suspendre temporalment els serveis i Continguts del Lloc Web per efectuar operacions de manteniment, millora o reparaci\u00f3 dels mateixos.<\/p>\n<p>Quant a les informacions i continguts inclosos a la p\u00e0gina web o als que pogu\u00e9s tenir acc\u00e9s com a conseq\u00fc\u00e8ncia dels links establerts a la mateixa, IDIOMES PROGRESS, no garanteix, de cap manera, ni l&#8217;acc\u00e9s en un moment determinat a aquestes informacions i continguts, ni la seva exactitud, ni la seva actualitat o actualitzaci\u00f3, ni la seva idone\u00eftat o utilitat per als fins de l&#8217;usuari, no es fa responsable dels danys i perjudicis de qualsevol naturalesa que puguin deure&#8217;s a la transmissi\u00f3, difusi\u00f3, emmagatzematge, posada a disposici\u00f3, recepci\u00f3, obtenci\u00f3 o acc\u00e9s als continguts inclosos a la p\u00e0gina web o aquelles a qu\u00e8 es tingui acc\u00e9s com a conseq\u00fc\u00e8ncia dels links establerts a la p\u00e0gina web.<\/p>\n<p>Igualment, IDIOMES PROGRESS s&#8217;eximeix de qualsevol responsabilitat pels danys i perjudicis de qualsevol naturalesa que es puguin deure a la pres\u00e8ncia de virus o altres elements lesius a la p\u00e0gina web, o p\u00e0gines web a qu\u00e8 es pugui tenir acc\u00e9s a trav\u00e9s dels links establerts on puguin produir alteracions en el sistema inform\u00e0tic, documents electr\u00f2nics o fitxers dels Usuaris.<\/p>\n<p>En relaci\u00f3 amb els serveis actius per als quals sigui preceptiu el registre, IDIOMES PROGRESS podr\u00e0 extingir els comptes i eliminar els Continguts i la informaci\u00f3 dels Usuaris per raons d&#8217;inactivitat o inutilitzaci\u00f3 d&#8217;aquests. En concret, IDIOMES PROGRESS podr\u00e0 extingir els comptes i eliminar els fitxers si transcorren m\u00e9s de 6 mesos des de la inscripci\u00f3 sense haver accedit a aquest contingut.<\/p>\n<h3 class=\"legal\">MODIFICACI\u00d3, SUSPENSI\u00d3 I TERMINACI\u00d3<\/h3>\n<p>IDIOMES PROGRESS es reserva el dret a modificar unilateralment, en qualsevol moment i sense av\u00eds previ, la presentaci\u00f3, configuraci\u00f3 i continguts del lloc web, aix\u00ed com les condicions requerides per utilitzar la p\u00e0gina web.<\/p>\n<p>Aix\u00ed mateix, IDIOMES PROGRESS es reserva el dret a suspendre o posar fi, en qualsevol moment i sense av\u00eds previ, tot o part dels serveis oferts a la p\u00e0gina web.<\/p>\n<h3 class=\"legal\">LEGISLACI\u00d3 I JURISDICCI\u00d3 APLICABLE<\/h3>\n<p>Les condicions d&#8217;acc\u00e9s i utilitzaci\u00f3 del web www.idiomesprogress.com es regeixen d&#8217;acord amb les disposicions de la Llei 34\/2002, d&#8217;11 de juliol, de serveis de la societat de la informaci\u00f3 i de comer\u00e7 electr\u00f2nic, aix\u00ed com el disposat en altres normes estatals o auton\u00f2miques annexes a l&#8217;\u00e0mbit normatiu o que tinguin com a finalitat la protecci\u00f3 de la salut, la seguretat p\u00fablica, inclosa la salvaguarda de la defensa nacional, els interessos del consumidor, el r\u00e8gim tributari aplicable als serveis de la societat de la Informaci\u00f3 i normativa reguladora de defensa de la compet\u00e8ncia.<\/p>\n<p>Les parts se sotmeten expressament als Jutjats i Tribunals de la ciutat de Barcelona (Espanya) per a la resoluci\u00f3 de qualsevol controv\u00e8rsia judicial derivada de la interpretaci\u00f3 i\/o compliment d&#8217;aquestes Condicions Generals, amb ren\u00fancia expressa a qualsevol altre fur que els pogu\u00e9s correspondre.<\/p>\n<p>\n<\/div><div class=\"bt_bb_separator bt_bb_border_style_none bt_bb_bottom_spacing_medium\" data-bt-override-class=\"null\"><\/div><\/div><\/div><\/div><\/div><\/div><\/div><\/div><\/div><\/section><\/p>\n","protected":false},"excerpt":{"rendered":"","protected":false},"author":1,"featured_media":0,"parent":0,"menu_order":0,"comment_status":"closed","ping_status":"closed","template":"","meta":{"footnotes":""},"class_list":["post-4177","page","type-page","status-publish","hentry"],"jetpack_sharing_enabled":true,"_links":{"self":[{"href":"https:\/\/idiomesprogress.com\/ca\/wp-json\/wp\/v2\/pages\/4177","targetHints":{"allow":["GET"]}}],"collection":[{"href":"https:\/\/idiomesprogress.com\/ca\/wp-json\/wp\/v2\/pages"}],"about":[{"href":"https:\/\/idiomesprogress.com\/ca\/wp-json\/wp\/v2\/types\/page"}],"author":[{"embeddable":true,"href":"https:\/\/idiomesprogress.com\/ca\/wp-json\/wp\/v2\/users\/1"}],"replies":[{"embeddable":true,"href":"https:\/\/idiomesprogress.com\/ca\/wp-json\/wp\/v2\/comments?post=4177"}],"version-history":[{"count":4,"href":"https:\/\/idiomesprogress.com\/ca\/wp-json\/wp\/v2\/pages\/4177\/revisions"}],"predecessor-version":[{"id":4315,"href":"https:\/\/idiomesprogress.com\/ca\/wp-json\/wp\/v2\/pages\/4177\/revisions\/4315"}],"wp:attachment":[{"href":"https:\/\/idiomesprogress.com\/ca\/wp-json\/wp\/v2\/media?parent=4177"}],"curies":[{"name":"wp","href":"https:\/\/api.w.org\/{rel}","templated":true}]}}