{"id":4192,"date":"2022-04-21T13:09:37","date_gmt":"2022-04-21T13:09:37","guid":{"rendered":"https:\/\/idiomesprogress.com\/politica-de-privadesa\/"},"modified":"2025-04-25T15:17:56","modified_gmt":"2025-04-25T15:17:56","slug":"politica-de-privadesa","status":"publish","type":"page","link":"https:\/\/idiomesprogress.com\/ca\/politica-de-privadesa\/","title":{"rendered":"Pol\u00edtica de Privadesa"},"content":{"rendered":"<p><section id=\"bt_bb_section69f26e82126d3\"  class=\"bt_bb_section bt_bb_layout_boxed_1200 bt_bb_vertical_align_top bt_bb_top_spacing_extra_large bt_bb_bottom_spacing_extra_large bt_bb_section_with_bottom_coverage_image\" style=\";background-color:#dcd1f3;\" data-bt-override-class=\"{&quot;bt_bb_top_spacing_&quot;:{&quot;current_class&quot;:&quot;bt_bb_top_spacing_extra_large&quot;,&quot;def&quot;:&quot;extra_large&quot;,&quot;xl&quot;:&quot;extra_large&quot;},&quot;bt_bb_bottom_spacing_&quot;:{&quot;current_class&quot;:&quot;bt_bb_bottom_spacing_extra_large&quot;,&quot;def&quot;:&quot;extra_large&quot;,&quot;xl&quot;:&quot;extra_large&quot;}}\"><div class=\"bt_bb_port\"><div class=\"bt_bb_cell\"><div class=\"bt_bb_cell_inner\"><div class=\"bt_bb_row  bt_bb_shape_inherit\"  data-bt-override-class=\"{}\"><div class=\"bt_bb_row_holder\" ><div  class=\"bt_bb_column col-xxl-12 col-xl-12 bt_bb_vertical_align_middle bt_bb_align_left bt_bb_padding_50 bt_bb_animation_fade_in animate bt_bb_shape_inherit\" style=\"; --column-width:12;\" data-width=\"12\" data-bt-override-class=\"{}\"><div class=\"bt_bb_column_content\"><div class=\"bt_bb_column_content_inner\"><header class=\"bt_bb_headline bt_bb_dash_top_bottom bt_bb_superheadline bt_bb_size_extralarge bt_bb_align_inherit bt_bb_dash_color_scheme_4\" data-bt-override-class=\"{&quot;bt_bb_size_&quot;:{&quot;current_class&quot;:&quot;bt_bb_size_extralarge&quot;,&quot;def&quot;:&quot;extralarge&quot;,&quot;xl&quot;:&quot;extralarge&quot;},&quot;bt_bb_align_&quot;:{&quot;current_class&quot;:&quot;bt_bb_align_inherit&quot;,&quot;def&quot;:&quot;inherit&quot;,&quot;xl&quot;:&quot;inherit&quot;}}\"><h1 class=\"bt_bb_headline_tag\"><span class=\"bt_bb_headline_superheadline\">AVISOS LEGALS<\/span><span class=\"bt_bb_headline_content\"><span>Pol\u00edtica de Privadesa<\/span><\/span><\/h1><\/header><\/div><\/div><\/div><\/div><\/div><\/div><\/div><\/div><div class=\"bt_bb_section_bottom_section_coverage_image\"><img decoding=\"async\" src=\"https:\/\/idiomesprogress.com\/wp-content\/uploads\/2019\/04\/Wave_White_bottom_right_shape_01.png\" alt=\"bt_bb_section_bottom_section_coverage_image\" \/><\/div><\/section><section id=\"bt_bb_section69f26e82136f5\"  class=\"bt_bb_section bt_bb_layout_boxed_1200 bt_bb_vertical_align_top bt_bb_top_spacing_small bt_bb_bottom_spacing_medium\"  data-bt-override-class=\"{&quot;bt_bb_top_spacing_&quot;:{&quot;current_class&quot;:&quot;bt_bb_top_spacing_small&quot;,&quot;def&quot;:&quot;small&quot;,&quot;xl&quot;:&quot;small&quot;},&quot;bt_bb_bottom_spacing_&quot;:{&quot;current_class&quot;:&quot;bt_bb_bottom_spacing_medium&quot;,&quot;def&quot;:&quot;medium&quot;,&quot;xl&quot;:&quot;medium&quot;}}\"><div class=\"bt_bb_port\"><div class=\"bt_bb_cell\"><div class=\"bt_bb_cell_inner\"><div class=\"bt_bb_row \"  data-bt-override-class=\"{}\"><div class=\"bt_bb_row_holder\" ><div  class=\"bt_bb_column col-xxl-2 col-xl-2 col-xs-12 col-sm-12 col-md-12 col-lg-2 bt_bb_vertical_align_top bt_bb_align_center bt_bb_padding_normal bt_bb_animation_fade_in animate bt_bb_shape_inherit\" style=\"; --column-width:2;\" data-width=\"2\" data-bt-override-class=\"{&quot;bt_bb_align_&quot;:{&quot;current_class&quot;:&quot;bt_bb_align_center&quot;,&quot;def&quot;:&quot;center&quot;,&quot;xl&quot;:&quot;center&quot;},&quot;bt_bb_padding_&quot;:{&quot;current_class&quot;:&quot;bt_bb_padding_normal&quot;,&quot;def&quot;:&quot;normal&quot;,&quot;xl&quot;:&quot;normal&quot;}}\"><div class=\"bt_bb_column_content\"><div class=\"bt_bb_column_content_inner\"><div class=\"bt_bb_service bt_bb_color_scheme_3 bt_bb_style_borderless bt_bb_shape_circle bt_bb_size_xlarge bt_bb_shape_circle bt_bb_align_inherit\" style=\"; --service-primary-color:#b61984; --service-secondary-color:#191919;\" data-bt-override-class=\"{&quot;bt_bb_size_&quot;:{&quot;current_class&quot;:&quot;bt_bb_size_xlarge&quot;,&quot;def&quot;:&quot;xlarge&quot;,&quot;xl&quot;:&quot;xlarge&quot;},&quot;bt_bb_align_&quot;:{&quot;current_class&quot;:&quot;bt_bb_align_inherit&quot;,&quot;def&quot;:&quot;inherit&quot;,&quot;xl&quot;:&quot;inherit&quot;}}\"><span  data-ico-fontawesome=\"&#xf0e3;\" class=\"bt_bb_icon_holder\"><\/span><div class=\"bt_bb_service_content\"><\/div><\/div><\/div><\/div><\/div><div  class=\"bt_bb_column col-xxl-10 col-xl-10 col-xs-12 col-sm-12 col-md-12 col-lg-10 bt_bb_vertical_align_top bt_bb_align_left bt_bb_padding_normal bt_bb_shape_inherit\" style=\"; --column-width:10;\" data-width=\"10\" data-bt-override-class=\"{}\"><div class=\"bt_bb_column_content\"><div class=\"bt_bb_column_content_inner\"><div  class=\"bt_bb_text\" ><\/p>\n<p>En el cas dels menors de 13 anys es requereix el consentiment dels pares o tutors per al tractament de les dades personals. En cap cas no es demanaran del menor d&#8217;edat dades relatives a la situaci\u00f3 professional, econ\u00f2mica o en la intimitat dels altres membres de la fam\u00edlia, sense el seu consentiment. Si ets menor de tretze anys i has accedit a aquest lloc web sense avisar els teus pares no t&#8217;has de registrar ni donar-nos les teves dades ni la dels teus tutors. A IDIOMES PROGRESS \u00e9s una prioritat el respecte i la protecci\u00f3 de les dades personals dels usuaris. Com a usuari ha de saber que els seus drets estan garantits en aquesta web.<\/p>\n<p>Ens hem esfor\u00e7at a crear un espai segur i fiable i per aix\u00f2 compartim els nostres principis respecte a la seva privadesa:<\/p>\n<ul class=\"list-disc\">\n<li><strong>Mai sol\u00b7licitem informaci\u00f3 personal a no ser que realment sigui necess\u00e0ria per prestar-li els serveis que ens requereixi<\/strong><\/li>\n<li><strong>No compartim mai informaci\u00f3 dels nostres usuaris amb ning\u00fa, excepte per complir amb la llei o en cas que comptem amb la seva autoritzaci\u00f3 expressa<\/strong><\/li>\n<li><strong>Mai utilitzem les vostres dades personals amb una finalitat diferent de la expressada en aquesta pol\u00edtica de privadesa<\/strong><\/li>\n<\/ul>\n<h3 class=\"legal\">Principis b\u00e0sics<\/h3>\n<p>Aquesta Pol\u00edtica de Privadesa podria variar en funci\u00f3 d&#8217;exig\u00e8ncies legislatives o d&#8217;autoregulaci\u00f3, per la qual cosa us aconsellem com a usuari que la visiteu peri\u00f2dicament. \u00c9s aplicable en cas que els usuaris decideixin emplenar qualsevol dels seus formularis de contacte que es demanen dades de car\u00e0cter personal.<\/p>\n<p>Regulacions legals a qu\u00e8 s&#8217;acull aquesta web<\/p>\n<p>IDIOMES PROGRESS ha adequat aquest web a les exig\u00e8ncies de la Llei Org\u00e0nica 15\/1999, de 13 de desembre, de protecci\u00f3 de dades de car\u00e0cter personal (LOPD), i al Reial Decret 1720\/2007, de 21 de desembre, conegut com el Reglament de desenvolupament de la LOPD. Compleix tamb\u00e9 amb el Reglament (UE) 2016\/679 del Parlament Europeu i del Consell de 27 d&#8217;abril de 2016 relatiu a la protecci\u00f3 de les persones f\u00edsiques (RGPD), aix\u00ed com amb la Llei 34\/2002, d&#8217;11 de juliol, de serveis de la Societat de la Informaci\u00f3 i Comer\u00e7 Electr\u00f2nic (LSSICE o LSSI).<\/p>\n<h3 class=\"legal\">Responsable del tractament de les vostres dades personals:<\/h3>\n<ul class=\"list-disc\">\n<li><strong>Identitat del responsable:<\/strong> IDIOMES PROGRESS<\/li>\n<li><strong>NIF\/CIF:<\/strong> B09682188<\/li>\n<li><strong>Adre\u00e7a:<\/strong> Po. del Terrapl\u00e8, 55. 08750 Molins de Rei. Barcelona<\/li>\n<li><strong>Correu electr\u00f2nic:<\/strong> hello[at]idiomesprogress.com<\/li>\n<li><strong>Activitat:<\/strong> Comercialitzaci\u00f3 de serveis densenyament didiomes.<\/li>\n<li><strong>Delegat de Protecci\u00f3 de Dades (DPD) notificat a l&#8217;AGPD:<\/strong><\/li>\n<li><strong>Nom:<\/strong> Julia<\/li>\n<li><strong>DNI:<\/strong> J64286776<\/li>\n<li><strong>Adre\u00e7a:<\/strong> Po. del Terrapl\u00e8, 55. 08750 Molins de Rei. Barcelona<\/li>\n<li><strong>Correu electr\u00f2nic:<\/strong> hello[at]idiomesprogress.com<\/li>\n<\/ul>\n<p>A efectes del que preveu el Reglament General de Protecci\u00f3 de Dades abans esmentat, les dades personals que ens envieu a trav\u00e9s dels formularis de la web rebran el tractament de dades d&#8217;\u201cUsuaris de la web i subscriptors\u201d.<\/p>\n<p>Per al tractament de dades dels nostres usuaris implementem totes les mesures t\u00e8cniques i organitzatives de seguretat establertes a la legislaci\u00f3 vigent.<\/p>\n<h3 class=\"legal\">Com hem obtingut les vostres dades?<\/h3>\n<p>Les dades personals que tractem a IDIOMES PROGRESS procedeixen de:<\/p>\n<ul class=\"list-disc\">\n<li><strong>Formulari de contacte<\/strong><\/li>\n<li><strong>Formulari de subscripci\u00f3<\/strong><\/li>\n<\/ul>\n<h3 class=\"legal\">Quins s\u00f3n els vostres drets quan ens facilita les vostres dades?<\/h3>\n<p>Qualsevol persona t\u00e9 dret a obtenir confirmaci\u00f3 sobre si a IDIOMES PROGRESS estem tractant les seves dades personals.<\/p>\n<p>Els interessats tenen dret a:<\/p>\n<ul class=\"list-disc\">\n<li><strong>Sol\u00b7licitar l&#8217;acc\u00e9s a les dades personals relatives a l&#8217;interessat<\/strong><\/li>\n<li><strong>Sol\u00b7licitar-ne la rectificaci\u00f3 o supressi\u00f3<\/strong><\/li>\n<li><strong>Sol\u00b7licitar la limitaci\u00f3 del tractament<\/strong><\/li>\n<li><strong>Oposar-se al tractament<\/strong><\/li>\n<li><strong>Sol\u00b7licitar la portabilitat de les dades<\/strong><\/li>\n<\/ul>\n<p>Els interessats podran accedir a les seves dades personals, aix\u00ed com sol\u00b7licitar la rectificaci\u00f3 de dades inexactes o, si escau, a sol\u00b7licitar la seva supressi\u00f3 quan, entre altres motius, les dades ja no siguin necess\u00e0ries per als fins que van ser recollides.<\/p>\n<p>En determinades circumst\u00e0ncies, els interessats podran sol\u00b7licitar la limitaci\u00f3 del tractament de les dades, en aquest cas, \u00fanicament les conservarem per a l&#8217;exercici o la defensa de reclamacions.<\/p>\n<p>En determinades circumst\u00e0ncies i per motius relacionats amb la seva situaci\u00f3 particular, els interessats es poden oposar al tractament de les seves dades. IDIOMES PROGRESS deixar\u00e0 de tractar les dades, tret de motius leg\u00edtims imperiosos, o l&#8217;exercici o la defensa de possibles reclamacions. Tamb\u00e9 podran sol\u00b7licitar la portabilitat de les vostres dades.<\/p>\n<p>Els interessats tamb\u00e9 tenen dret a la tutela judicial efectiva ia presentar una reclamaci\u00f3 davant de l&#8217;autoritat de control, en aquest cas, l&#8217;Ag\u00e8ncia Espanyola de Protecci\u00f3 de Dades, si consideren que el tractament de dades personals que li concerneixen infringeix el Reglament.<\/p>\n<h3 class=\"legal\">Amb quina finalitat tractem les vostres dades personals?<\/h3>\n<p>Quan un usuari es connecta amb aquesta web ara per comentar una not\u00edcia, enviar un correu al titular, subscriure o fer alguna contractaci\u00f3, est\u00e0 facilitant informaci\u00f3 de car\u00e0cter personal de la qual \u00e9s responsable: IDIOMES PROGRESS. Aquesta informaci\u00f3 pot incloure dades de car\u00e0cter personal, com ara l&#8217;adre\u00e7a IP, el nom, l&#8217;adre\u00e7a f\u00edsica, l&#8217;adre\u00e7a de correu electr\u00f2nic, el n\u00famero de tel\u00e8fon i una altra informaci\u00f3. En facilitar aquesta informaci\u00f3, l&#8217;usuari d\u00f3na el seu consentiment perqu\u00e8 la seva informaci\u00f3 sigui recopilada, utilitzada, gestionada i emmagatzemada per IDIOMES PROGRESS, com es descriu a la present Pol\u00edtica de Privadesa.<\/p>\n<p>A la web escorxadorsabadell.com hi ha diferents sistemes de captura d&#8217;informaci\u00f3 personal i tractem la informaci\u00f3 que ens faciliten els interessats amb la finalitat seg\u00fcent per cada sistema de captura (formularis):<\/p>\n<ul class=\"list-disc\">\n<li>Formulari de contacte: Sol\u00b7licitem les dades personals seg\u00fcents: nom, e-mail, per respondre als requeriments dels usuaris d&#8217;escorxadorsabadell.com. Per exemple, podem utilitzar aquestes dades per respondre a la vostra sol\u00b7licitud i donar resposta als dubtes, queixes, comentaris o inquietuds que pugui tenir relatives a la informaci\u00f3 inclosa a la web, els serveis que es presten a trav\u00e9s de la web, el tractament de les seves dades personals, q\u00fcestions referents als textos legals inclosos a la web, aix\u00ed com qualsevol altra consulta que pugui tenir i que no estigui subjecte a les condicions de contractaci\u00f3. L&#8217;informe que les dades que ens facilita estaran ubicades als servidors d&#8217;IDIOMES PROGRESS (prove\u00efdor del hosting d&#8217;IDIOMES PROGRESS.) Dins de la UE.<br \/>\n Formulari de subscripci\u00f3 a continguts: En aquest cas, sol\u00b7licitem les dades personals: nom, e-mail, per gestionar la llista de notificaci\u00f3, enviar butlletins, promocions i ofertes especials, facilitats per l&#8217;usuari en fer la subscripci\u00f3. Dins la web hi ha diversos formularis per activar la subscripci\u00f3. Els butlletins electr\u00f2nics o newsletters s\u00f3n gestionats per MailChimp. En utilitzar els serveis daquesta plataforma per a la realitzaci\u00f3 de campanyes de m\u00e0rqueting per correu electr\u00f2nic, gesti\u00f3 de subscripcions i enviament de butlletins. MailChimp t\u00e9 els seus servidors allotjats als EUA.Formulari de registre de compte: En aquest cas, sol\u00b7licitem les dades personals: nom, correu electr\u00f2nic, per gestionar l&#8217;alta de registre del vostre compte a la nostra comunitat. Us informem que les dades que ens facilita estaran ubicades als servidors d&#8217;INTERDOMINIS (prove\u00efdor del hosting d&#8217;IDIOMES PROGRESS) dins de la UE.<\/li>\n<\/ul>\n<p>Hi ha altres fins per a la qual tractem les vostres dades personals:<\/p>\n<ul class=\"list-disc\">\n<li>Per garantir el compliment de les condicions d\u00fas i la llei aplicable. Aix\u00f2 pot incloure el desenvolupament d&#8217;eines i algorismes que ajuden aquesta web a garantir la confidencialitat de les dades personals que recull. Per donar suport i millorar els serveis que ofereix aquesta web. Tamb\u00e9 es recullen altres dades no identificatives que s&#8217;obtenen mitjan\u00e7ant algunes galetes que es descarreguen a l&#8217;ordinador de l&#8217;usuari quan navega en aquesta web que detallo a la pol\u00edtica de cookies.<br \/>\nPer gestionar les xarxes socials. IDIOMES PROGRESS. pot tenir pres\u00e8ncia a xarxes socials. El tractament de les dades que es dugui a terme de les persones que es facin seguidores a les xarxes socials de les p\u00e0gines oficials d&#8217;IDIOMES PROGRESS., es regir\u00e0 per aquest apartat. Aix\u00ed com per aquelles condicions d\u00fas, pol\u00edtiques de privadesa i normatives dacc\u00e9s que pertanyin a la xarxa social que procedeixi en cada cas i acceptades pr\u00e8viament per lusuari dIDIOMES PROGRESS. Tractar\u00e0 les dades amb les finalitats d&#8217;administrar correctament la seva pres\u00e8ncia a la xarxa social, informant d&#8217;activitats, productes o serveis d&#8217;IDIOMES PROGRESS. Aix\u00ed com per qualsevol altra finalitat que les normatives de les xarxes socials permeten. En cap cas utilitzarem els perfils de seguidors a les xarxes socials per enviar publicitat de manera individual.<\/li>\n<\/ul>\n<p>IDIOMES PROGRESS., No ven, lloga o cedeix dades de car\u00e0cter personal que puguin identificar l&#8217;usuari, ni ho far\u00e0 en el futur, a tercers sense el consentiment previ. No obstant aix\u00f2, en alguns casos es poden fer col\u00b7laboracions amb altres professionals, en aquests casos, es requerir\u00e0 consentiment als usuaris informant sobre la identitat del col\u00b7laborador i la fi de la col\u00b7laboraci\u00f3. Sempre es realitzar\u00e0 amb els est\u00e0ndards de seguretat m\u00e9s estrictes.<\/p>\n<h3 class=\"legal\">Legitimaci\u00f3 per al tractament de les vostres dades<\/h3>\n<p>La base legal per al tractament de les vostres dades \u00e9s: el consentiment.<\/p>\n<p>Per contactar o fer comentaris en aquesta web es requereix el consentiment amb aquesta pol\u00edtica de privadesa.<\/p>\n<p>L&#8217;oferta prospectiva o comercial de productes i serveis est\u00e0 basada tamb\u00e9 en el consentiment que se us demana, sense que en cap cas la retirada d&#8217;aquest consentiment condicioni l&#8217;execuci\u00f3 del contracte de subscripci\u00f3. Tamb\u00e9 la contractaci\u00f3 de productes i serveis segons els termes i condicions que consten a la pol\u00edtica comercial.<\/p>\n<h3 class=\"legal\">Per quant de temps conservarem les vostres dades?<\/h3>\n<p>Les dades personals proporcionades es conservaran:<\/p>\n<ul class=\"list-disc\">\n<li><strong>Mentre es mantingui la relaci\u00f3 mercantil<\/strong><\/li>\n<li><strong>No se sol\u00b7licite la supressi\u00f3 per part de l&#8217;interessat<\/strong><\/li>\n<\/ul>\n<h3 class=\"legal\">A quins destinataris es comunicaran les vostres dades?<\/h3>\n<p>Per prestar serveis estrictament necessaris per al desenvolupament de lactivitat, IDIOMES PROGRESS. Comparteix dades amb els seg\u00fcents prestadors sota les seves corresponents condicions de privadesa.<\/p>\n<p>Totes les utilitats ofertes per tercers s\u00f3n estrictament necess\u00e0ries per al desenvolupament dels nostres serveis i han estat seleccionades atenent al compliment dels drets que preservem en aquesta web.<\/p>\n<p>Les empreses seg\u00fcents tindran acc\u00e9s a la informaci\u00f3 personal necess\u00e0ria per realitzar les seves funcions com a encarregats de tractament, per\u00f2 no podran utilitzar-la per a altres fins. A m\u00e9s, hauran de tractar la informaci\u00f3 personal de conformitat amb aquesta Pol\u00edtica de Privadesa i la legislaci\u00f3 aplicable en mat\u00e8ria de protecci\u00f3 de dades:<\/p>\n<ul class=\"list-disc\">\n<li><strong>Hosting:<\/strong> ALFASHOP, SL, amb domicili a Plz. Lesseps 33 (Oficines Incrementa) 08023 Barcelona. M\u00e9s informaci\u00f3 a www.alfashop.net. ALFASHOP, SL, tracta les dades per tal de realitzar els seus serveis com a prove\u00efdor del hosting a IDIOMES PROGRESS.<\/li>\n<li><strong>Plataforma web:<\/strong> WordPress.org, m\u00e9s informaci\u00f3 a https:\/\/wordpress.org\/ tracta les dades per tal de realitzar els seus serveis de suport a IDIOMES PROGRESS.<\/li>\n<li><strong>Google Analytics:<\/strong> un servei anal\u00edtic de web prestat per Google, Inc., una companyia de Delaware que t\u00e9 com a oficina principal el 1600 Amphitheatre Parkway, Mountain View (Calif\u00f2rnia), CA 94043, Estats Units (\u201cGoogle\u201d). Google Analytics utilitza \u201ccookies\u201d, que s\u00f3n arxius de text ubicats al vostre ordinador, per ajudar a IDIOMES PROGRESS a analitzar l&#8217;\u00fas que fan els usuaris del lloc web. La informaci\u00f3 que genera la galeta sobre el vostre \u00fas d&#8217;IDIOMES PROGRESS. (Incloent la vostra adre\u00e7a IP) ser\u00e0 directament transmesa i arxivada per Google als servidors dels Estats Units.<\/li>\n<\/ul>\n<h3 class=\"legal\">Dades de navegaci\u00f3<\/h3>\n<p>En navegar per escorxadorsabadell.com es poden recollir dades no identificables, que poden incloure, adreces IP, ubicaci\u00f3 geogr\u00e0fica (aproximadament), un registre de com s&#8217;utilitzen els serveis i llocs i altres dades que no poden ser utilitzades per identificar l&#8217;usuari. Entre les dades no identificatives hi ha tamb\u00e9 les relacionades amb els seus h\u00e0bits de navegaci\u00f3 a trav\u00e9s de serveis de tercers. Aquest web utilitza els seg\u00fcents serveis d&#8217;an\u00e0lisi de tercers:<\/p>\n<ul class=\"list-disc\">\n<li><strong>Google Analytics<\/strong><\/li>\n<li><strong>Search Console<\/strong><\/li>\n<\/ul>\n<p>Utilitzem aquesta informaci\u00f3 per analitzar tend\u00e8ncies, administrar el lloc, rastrejar els moviments dels usuaris al voltant del lloc i per recopilar informaci\u00f3 demogr\u00e0fica sobre la nostra base d&#8217;usuaris en conjunt.<\/p>\n<h3 class=\"legal\">Els vostres drets a facilitar les vostres dades personals<\/h3>\n<p>Qualsevol persona t\u00e9 dret a obtenir confirmaci\u00f3 sobre si a IDIOMES PROGRESS. s&#8217;estan tractant dades personals que els concerneixin, o no.<\/p>\n<p>Els interessats tenen dret a accedir a les seves dades personals, aix\u00ed com a sol\u00b7licitar la rectificaci\u00f3 de les dades inexactes o, si escau, sol\u00b7licitar-ne la supressi\u00f3 quan, entre altres motius, les dades ja no siguin necess\u00e0ries per als fins que van ser recollides.<\/p>\n<p>En determinades circumst\u00e0ncies, els interessats podran sol\u00b7licitar la limitaci\u00f3 del tractament de les dades, en aquest cas \u00fanicament les conservarem per a l&#8217;exercici o la defensa de reclamacions.<\/p>\n<p>En determinades circumst\u00e0ncies i per motius relacionats amb la seva situaci\u00f3 particular, els interessats es poden oposar al tractament de les seves dades.<\/p>\n<p>IDIOMES PROGRESS. deixar\u00e0 de tractar les dades, excepte per motius leg\u00edtims imperiosos, o lexercici o la defensa de possibles reclamacions.<\/p>\n<p>Vost\u00e8 podr\u00e0 exercir materialment els seus drets per correu electr\u00f2nic a hello[at]escorxadorsabadell.com.<\/p>\n<h3 class=\"legal\">Secret i seguretat de les dades<\/h3>\n<p>IDIOMES PROGRESS. es compromet a l&#8217;\u00fas i tractament de les dades personals incloses els usuaris, respectant la seva confidencialitat ia utilitzar-les d&#8217;acord amb la finalitat d&#8217;aquestes, aix\u00ed com a executar la seva obligaci\u00f3 de guardar i adaptar totes les mesures per evitar l&#8217;alteraci\u00f3, p\u00e8rdua, tractament o acc\u00e9s no autoritzat (Com els protocols Https que utilitzem), de conformitat amb all\u00f2 establert a la normativa vigent de protecci\u00f3 de dades.<\/p>\n<p>IDIOMES PROGRESS. no pot garantir l&#8217;absoluta inexpugnabilitat de la xarxa Internet i, per tant, la violaci\u00f3 de les dades mitjan\u00e7ant accessos fraudulents per part de tercers.<\/p>\n<h3 class=\"legal\">Exactitud i veracitat de les dades<\/h3>\n<p>Com a usuari, \u00e9s l&#8217;\u00fanic responsable de la veracitat i correcci\u00f3 de les dades que remeti a escorxadorsabadell.com exonerant IDIOMES PROGRESS, de qualsevol responsabilitat al respecte. Els usuaris garanteixen i responen, en qualsevol cas, de l&#8217;exactitud, vig\u00e8ncia i autenticitat de les dades personals facilitades i es comprometen a mantenir-les degudament actualitzades. L&#8217;usuari accepta proporcionar informaci\u00f3 completa i correcta al formulari de contacte o subscripci\u00f3.<\/p>\n<h3 class=\"legal\">Acceptaci\u00f3 i consentiment<\/h3>\n<p>L&#8217;usuari declara haver estat informat de les condicions sobre protecci\u00f3 de dades de car\u00e0cter personal, acceptant i consentint-ne el tractament per part d&#8217;IDIOMES PROGRESS en la forma i per a les finalitats indicades en aquesta pol\u00edtica de privadesa.<\/p>\n<h3 class=\"legal\">Canvis en la pol\u00edtica de privadesa<\/h3>\n<p>IDIOMES PROGRESS, es reserva el dret a modificar aquesta pol\u00edtica per adaptar-la a novetats legislatives o jurisprudencials, aix\u00ed com a pr\u00e0ctiques de la ind\u00fastria. En aquests sup\u00f2sits, el prestador anunciar\u00e0 en aquesta p\u00e0gina els canvis introdu\u00efts amb una antelaci\u00f3 raonable a la seva posada en pr\u00e0ctica.<\/p>\n<h3 class=\"legal\">Correus comercials<\/h3>\n<p>D&#8217;acord amb la LSSICE, IDIOMES PROGRESS no fa pr\u00e0ctiques de SPAM, per la qual cosa no envia correus comercials per via electr\u00f2nica que no hagin estat pr\u00e8viament sol\u00b7licitats o autoritzats per l&#8217;usuari. En conseq\u00fc\u00e8ncia, cadascun dels formularis que hi ha hagut a la web, l&#8217;usuari t\u00e9 la possibilitat de donar el seu consentiment per rebre el butllet\u00ed, independentment de la informaci\u00f3 comercial puntualment sol\u00b7licitada.<\/p>\n<p>D&#8217;acord amb el que disposa la Llei 34\/2002 de Serveis de la Societat de la Informaci\u00f3 i de comer\u00e7 electr\u00f2nic, IDIOMES PROGRESS es compromet a no enviar comunicacions de car\u00e0cter comercial sense identificar-les degudament.<\/p>\n<p>\n<\/div><div class=\"bt_bb_separator bt_bb_border_style_none bt_bb_bottom_spacing_medium\" data-bt-override-class=\"null\"><\/div><\/div><\/div><\/div><\/div><\/div><\/div><\/div><\/div><\/section><\/p>\n","protected":false},"excerpt":{"rendered":"","protected":false},"author":1,"featured_media":0,"parent":0,"menu_order":0,"comment_status":"closed","ping_status":"closed","template":"","meta":{"footnotes":""},"class_list":["post-4192","page","type-page","status-publish","hentry"],"jetpack_sharing_enabled":true,"_links":{"self":[{"href":"https:\/\/idiomesprogress.com\/ca\/wp-json\/wp\/v2\/pages\/4192","targetHints":{"allow":["GET"]}}],"collection":[{"href":"https:\/\/idiomesprogress.com\/ca\/wp-json\/wp\/v2\/pages"}],"about":[{"href":"https:\/\/idiomesprogress.com\/ca\/wp-json\/wp\/v2\/types\/page"}],"author":[{"embeddable":true,"href":"https:\/\/idiomesprogress.com\/ca\/wp-json\/wp\/v2\/users\/1"}],"replies":[{"embeddable":true,"href":"https:\/\/idiomesprogress.com\/ca\/wp-json\/wp\/v2\/comments?post=4192"}],"version-history":[{"count":8,"href":"https:\/\/idiomesprogress.com\/ca\/wp-json\/wp\/v2\/pages\/4192\/revisions"}],"predecessor-version":[{"id":4325,"href":"https:\/\/idiomesprogress.com\/ca\/wp-json\/wp\/v2\/pages\/4192\/revisions\/4325"}],"wp:attachment":[{"href":"https:\/\/idiomesprogress.com\/ca\/wp-json\/wp\/v2\/media?parent=4192"}],"curies":[{"name":"wp","href":"https:\/\/api.w.org\/{rel}","templated":true}]}}